{"id":3682,"date":"2017-02-09T17:47:19","date_gmt":"2017-02-09T17:47:19","guid":{"rendered":"https:\/\/www.lessiangiss.com\/mas-informacion-sobre-las-cookies\/"},"modified":"2017-02-23T10:42:49","modified_gmt":"2017-02-23T10:42:49","slug":"ueber-cookies","status":"publish","type":"page","link":"https:\/\/www.lessiangiss.com\/de\/ueber-cookies\/","title":{"rendered":"\u00dcBER COOKIES"},"content":{"rendered":"[vc_row type=&#8220;in_container&#8220; full_screen_row_position=&#8220;middle&#8220; scene_position=&#8220;center&#8220; text_color=&#8220;dark&#8220; text_align=&#8220;left&#8220; overlay_strength=&#8220;0.3&#8243;][vc_column column_padding=&#8220;no-extra-padding&#8220; column_padding_position=&#8220;all&#8220; background_color_opacity=&#8220;1&#8243; background_hover_color_opacity=&#8220;1&#8243; width=&#8220;1\/1&#8243; tablet_text_alignment=&#8220;default&#8220; phone_text_alignment=&#8220;default&#8220;][divider line_type=&#8220;No Line&#8220; custom_height=&#8220;30&#8243;][vc_column_text]\n<div class=\"column one column_column \">\n<div class=\"column_attr \">\n<h2 style=\"text-align: center;\">\u00dcber cookies<\/h2>\n<h2 style=\"text-align: justify;\">Cookies<\/h2>\n<p style=\"text-align: justify;\">Damit dieses Internetportal ordnungsgem\u00e4\u00df funktioniert, legen wir manchmal kleine Dateien \u2013 sogenannte Cookies \u2013 auf Ihrem Ger\u00e4t ab. Das ist bei den meisten gro\u00dfen Websites \u00fcblich.<\/p>\n<h2 style=\"text-align: justify;\">Was sind Cookies?<\/h2>\n<p style=\"text-align: justify;\">Ein Cookie ist eine kleine Textdatei, die ein Webportal auf Ihrem Rechner, Tablet-Computer oder Smartphone hinterl\u00e4sst, wenn Sie es besuchen. So kann sich das Portal bestimmte Eingaben und Einstellungen (z. B. Login, Sprache, Schriftgr\u00f6\u00dfe und andere Anzeigepr\u00e4ferenzen) \u00fcber einen bestimmten Zeitraum \u201emerken\u201c, und Sie brauchen diese nicht bei jedem weiteren Besuch und beim Navigieren im Portal erneut vorzunehmen.<\/p>\n<h2 style=\"text-align: justify;\">Wie setzen wir Cookies ein?<\/h2>\n<p style=\"text-align: justify;\">Auf unseren Seiten verwenden wir Cookies zur Speicherung<\/p>\n<ul style=\"text-align: justify;\">\n<li>Ihrer Vorlieben bei der Bildschirmanzeige , z. B. Kontrast und Schriftgr\u00f6\u00dfe<\/li>\n<li>Ihrer etwaigen Teilnahme an einer Umfrage zur N\u00fctzlichkeit der Inhalte (damit Sie nicht erneut durch ein Pop-up-Fenster zur Beantwortung aufgefordert werden)<\/li>\n<li>Ihrer Entscheidung zur (oder gegen die) Nutzung von Cookies auf diesem Portal.<\/li>\n<\/ul>\n<p style=\"text-align: justify;\">Auch einige auf unseren Seiten eingebettete Videos verwenden Cookies zur Erstellung anonymer Statistiken \u00fcber die zuvor besuchten Seiten und die ausgew\u00e4hlten Videos.<\/p>\n<p style=\"text-align: justify;\">Das Akzeptieren von Cookies ist zwar f\u00fcr die Nutzung des Portals nicht unbedingt erforderlich, macht das Surfen aber angenehmer. Sie k\u00f6nnen Cookies blockieren oder l\u00f6schen \u2013 das kann jedoch einige Funktionen dieses Portals beeintr\u00e4chtigen.<\/p>\n<p style=\"text-align: justify;\">Die mithilfe von Cookies erhobenen Informationen werden nicht dazu genutzt, Sie zu identifizieren, und die Daten unterliegen vollst\u00e4ndig unserer Kontrolle. Die Cookies dienen keinen anderen Zwecken als den hier genannten.<\/p>\n<p style=\"text-align: justify;\"><strong>Sitzungs-Cookies<\/strong><\/p>\n<p style=\"text-align: justify;\">Die Sitzungscookies (auch Sessioncookies genannt) werden nach dem Schlie\u03b2en Ihres Browsers wieder gel\u00f6scht.<\/p>\n<h2 style=\"text-align: justify;\">Langzeit-Cookies<\/h2>\n<p style=\"text-align: justify;\">Es werden bei uns Cookies eingesetzt, die auf der Festplatte bei Ihnen verbleiben. Die Verfallszeit ist f\u00fcr Ihre Bequemlichkeit auf ein Datum in der Zukunft eingestellt. Bei einem weiteren Besuch wird dann automatisch erkannt, dass Sie bereits bei uns waren und welche Eingaben und Einstellungen Sie bevorzugen. (sog. Langzeit-Cookies).<\/p>\n<\/div>\n<\/div>\n[\/vc_column_text][\/vc_column][\/vc_row]\n","protected":false},"excerpt":{"rendered":"<p>[vc_row type=&#8220;in_container&#8220; full_screen_row_position=&#8220;middle&#8220; scene_position=&#8220;center&#8220; text_color=&#8220;dark&#8220; text_align=&#8220;left&#8220; overlay_strength=&#8220;0.3&#8243;][vc_column column_padding=&#8220;no-extra-padding&#8220; column_padding_position=&#8220;all&#8220; background_color_opacity=&#8220;1&#8243; background_hover_color_opacity=&#8220;1&#8243; width=&#8220;1\/1&#8243; tablet_text_alignment=&#8220;default&#8220; phone_text_alignment=&#8220;default&#8220;][divider line_type=&#8220;No Line&#8220; custom_height=&#8220;30&#8243;][vc_column_text] \u00dcber cookies Cookies Damit dieses Internetportal ordnungsgem\u00e4\u00df funktioniert, legen wir manchmal kleine Dateien&#8230;<\/p>\n","protected":false},"author":6,"featured_media":0,"parent":0,"menu_order":0,"comment_status":"closed","ping_status":"closed","template":"","meta":{"_seopress_robots_primary_cat":"","_seopress_titles_title":"","_seopress_titles_desc":"","_seopress_robots_index":"","_joinchat":[],"footnotes":""},"_links":{"self":[{"href":"https:\/\/www.lessiangiss.com\/de\/wp-json\/wp\/v2\/pages\/3682"}],"collection":[{"href":"https:\/\/www.lessiangiss.com\/de\/wp-json\/wp\/v2\/pages"}],"about":[{"href":"https:\/\/www.lessiangiss.com\/de\/wp-json\/wp\/v2\/types\/page"}],"author":[{"embeddable":true,"href":"https:\/\/www.lessiangiss.com\/de\/wp-json\/wp\/v2\/users\/6"}],"replies":[{"embeddable":true,"href":"https:\/\/www.lessiangiss.com\/de\/wp-json\/wp\/v2\/comments?post=3682"}],"version-history":[{"count":2,"href":"https:\/\/www.lessiangiss.com\/de\/wp-json\/wp\/v2\/pages\/3682\/revisions"}],"predecessor-version":[{"id":3686,"href":"https:\/\/www.lessiangiss.com\/de\/wp-json\/wp\/v2\/pages\/3682\/revisions\/3686"}],"wp:attachment":[{"href":"https:\/\/www.lessiangiss.com\/de\/wp-json\/wp\/v2\/media?parent=3682"}],"curies":[{"name":"wp","href":"https:\/\/api.w.org\/{rel}","templated":true}]}}